{"id":3819,"date":"2025-07-09T14:28:59","date_gmt":"2025-07-09T18:28:59","guid":{"rendered":"https:\/\/mukkmukk.com\/product\/mangue-grenade\/"},"modified":"2025-07-09T21:19:57","modified_gmt":"2025-07-10T01:19:57","slug":"mangue-grenade","status":"publish","type":"product","link":"https:\/\/mukkmukk.com\/en\/product\/mangue-grenade\/","title":{"rendered":"Mangue Grenade"},"content":{"rendered":"<p>Go\u00fbtez \u00e0 l\u2019alliance de la mangue sucr\u00e9e et de la grenade acidul\u00e9e. Une saveur exotique, riche et pleine de caract\u00e8re.<\/p>","protected":false},"excerpt":{"rendered":"<p>Mangue gourmande et grenade intense pour une vape exotique.<\/p>","protected":false},"featured_media":3753,"template":"","meta":[],"product_brand":[],"product_cat":[95,48],"product_tag":[75],"class_list":{"0":"post-3819","1":"product","2":"type-product","3":"status-publish","4":"has-post-thumbnail","6":"product_cat-aquashots-ca","7":"product_cat-eliquids-ca","8":"product_tag-regular","10":"first","11":"instock","12":"shipping-taxable","13":"purchasable","14":"product-type-variable"},"_links":{"self":[{"href":"https:\/\/mukkmukk.com\/en\/wp-json\/wp\/v2\/product\/3819","targetHints":{"allow":["GET"]}}],"collection":[{"href":"https:\/\/mukkmukk.com\/en\/wp-json\/wp\/v2\/product"}],"about":[{"href":"https:\/\/mukkmukk.com\/en\/wp-json\/wp\/v2\/types\/product"}],"wp:featuredmedia":[{"embeddable":true,"href":"https:\/\/mukkmukk.com\/en\/wp-json\/wp\/v2\/media\/3753"}],"wp:attachment":[{"href":"https:\/\/mukkmukk.com\/en\/wp-json\/wp\/v2\/media?parent=3819"}],"wp:term":[{"taxonomy":"product_brand","embeddable":true,"href":"https:\/\/mukkmukk.com\/en\/wp-json\/wp\/v2\/product_brand?post=3819"},{"taxonomy":"product_cat","embeddable":true,"href":"https:\/\/mukkmukk.com\/en\/wp-json\/wp\/v2\/product_cat?post=3819"},{"taxonomy":"product_tag","embeddable":true,"href":"https:\/\/mukkmukk.com\/en\/wp-json\/wp\/v2\/product_tag?post=3819"}],"curies":[{"name":"wp","href":"https:\/\/api.w.org\/{rel}","templated":true}]}}