{"id":3818,"date":"2025-07-09T14:28:59","date_gmt":"2025-07-09T18:28:59","guid":{"rendered":"https:\/\/mukkmukk.com\/product\/melon-litchi\/"},"modified":"2025-07-09T17:11:23","modified_gmt":"2025-07-09T21:11:23","slug":"melon-litchi","status":"publish","type":"product","link":"https:\/\/mukkmukk.com\/en\/product\/melon-litchi\/","title":{"rendered":"Melon Litchi"},"content":{"rendered":"<p>D\u00e9couvrez la fra\u00eecheur du melon associ\u00e9e \u00e0 la douceur florale du litchi. Un m\u00e9lange subtil, parfait pour une vape l\u00e9g\u00e8re.<\/p>","protected":false},"excerpt":{"rendered":"<p>Melon juteux et litchi d\u00e9licat pour une vape raffin\u00e9e.<\/p>","protected":false},"featured_media":3754,"template":"","meta":[],"product_brand":[],"product_cat":[95,48],"product_tag":[75],"class_list":{"0":"post-3818","1":"product","2":"type-product","3":"status-publish","4":"has-post-thumbnail","6":"product_cat-aquashots-ca","7":"product_cat-eliquids-ca","8":"product_tag-regular","10":"first","11":"instock","12":"shipping-taxable","13":"purchasable","14":"product-type-variable","15":"has-default-attributes"},"_links":{"self":[{"href":"https:\/\/mukkmukk.com\/en\/wp-json\/wp\/v2\/product\/3818","targetHints":{"allow":["GET"]}}],"collection":[{"href":"https:\/\/mukkmukk.com\/en\/wp-json\/wp\/v2\/product"}],"about":[{"href":"https:\/\/mukkmukk.com\/en\/wp-json\/wp\/v2\/types\/product"}],"wp:featuredmedia":[{"embeddable":true,"href":"https:\/\/mukkmukk.com\/en\/wp-json\/wp\/v2\/media\/3754"}],"wp:attachment":[{"href":"https:\/\/mukkmukk.com\/en\/wp-json\/wp\/v2\/media?parent=3818"}],"wp:term":[{"taxonomy":"product_brand","embeddable":true,"href":"https:\/\/mukkmukk.com\/en\/wp-json\/wp\/v2\/product_brand?post=3818"},{"taxonomy":"product_cat","embeddable":true,"href":"https:\/\/mukkmukk.com\/en\/wp-json\/wp\/v2\/product_cat?post=3818"},{"taxonomy":"product_tag","embeddable":true,"href":"https:\/\/mukkmukk.com\/en\/wp-json\/wp\/v2\/product_tag?post=3818"}],"curies":[{"name":"wp","href":"https:\/\/api.w.org\/{rel}","templated":true}]}}