{"id":3817,"date":"2025-07-09T14:28:59","date_gmt":"2025-07-09T18:28:59","guid":{"rendered":"https:\/\/mukkmukk.com\/product\/orange-lime-3\/"},"modified":"2025-07-09T17:10:27","modified_gmt":"2025-07-09T21:10:27","slug":"orange-lime-3","status":"publish","type":"product","link":"https:\/\/mukkmukk.com\/en\/product\/orange-lime-3\/","title":{"rendered":"Orange Lime"},"content":{"rendered":"<p>Appr\u00e9ciez la douceur de l\u2019orange relev\u00e9e par la vivacit\u00e9 du citron vert. Une saveur fruit\u00e9e, fra\u00eeche et d\u00e9salt\u00e9rante.<\/p>","protected":false},"excerpt":{"rendered":"<p>Orange douce et lime acidul\u00e9e pour une vape p\u00e9tillante.<\/p>","protected":false},"featured_media":3750,"template":"","meta":[],"product_brand":[],"product_cat":[95,48],"product_tag":[75],"class_list":{"0":"post-3817","1":"product","2":"type-product","3":"status-publish","4":"has-post-thumbnail","6":"product_cat-aquashots-ca","7":"product_cat-eliquids-ca","8":"product_tag-regular","10":"first","11":"instock","12":"shipping-taxable","13":"purchasable","14":"product-type-variable","15":"has-default-attributes"},"_links":{"self":[{"href":"https:\/\/mukkmukk.com\/en\/wp-json\/wp\/v2\/product\/3817","targetHints":{"allow":["GET"]}}],"collection":[{"href":"https:\/\/mukkmukk.com\/en\/wp-json\/wp\/v2\/product"}],"about":[{"href":"https:\/\/mukkmukk.com\/en\/wp-json\/wp\/v2\/types\/product"}],"wp:featuredmedia":[{"embeddable":true,"href":"https:\/\/mukkmukk.com\/en\/wp-json\/wp\/v2\/media\/3750"}],"wp:attachment":[{"href":"https:\/\/mukkmukk.com\/en\/wp-json\/wp\/v2\/media?parent=3817"}],"wp:term":[{"taxonomy":"product_brand","embeddable":true,"href":"https:\/\/mukkmukk.com\/en\/wp-json\/wp\/v2\/product_brand?post=3817"},{"taxonomy":"product_cat","embeddable":true,"href":"https:\/\/mukkmukk.com\/en\/wp-json\/wp\/v2\/product_cat?post=3817"},{"taxonomy":"product_tag","embeddable":true,"href":"https:\/\/mukkmukk.com\/en\/wp-json\/wp\/v2\/product_tag?post=3817"}],"curies":[{"name":"wp","href":"https:\/\/api.w.org\/{rel}","templated":true}]}}