{"id":3816,"date":"2025-07-09T14:28:59","date_gmt":"2025-07-09T18:28:59","guid":{"rendered":"https:\/\/mukkmukk.com\/product\/pecan-deluxe\/"},"modified":"2025-07-09T16:58:02","modified_gmt":"2025-07-09T20:58:02","slug":"pecan-deluxe","status":"publish","type":"product","link":"https:\/\/mukkmukk.com\/en\/product\/pecan-deluxe\/","title":{"rendered":"Pecan Deluxe"},"content":{"rendered":"<p>Laissez-vous tenter par la richesse de la noix de p\u00e9can enrob\u00e9e de caramel. Une saveur douce et \u00e9l\u00e9gante, id\u00e9ale pour les gourmands.<\/p>","protected":false},"excerpt":{"rendered":"<p>Noix de p\u00e9can caram\u00e9lis\u00e9e pour une gourmandise raffin\u00e9e.<\/p>","protected":false},"featured_media":3755,"template":"","meta":[],"product_brand":[],"product_cat":[95,48],"product_tag":[75],"class_list":{"0":"post-3816","1":"product","2":"type-product","3":"status-publish","4":"has-post-thumbnail","6":"product_cat-aquashots-ca","7":"product_cat-eliquids-ca","8":"product_tag-regular","10":"first","11":"instock","12":"shipping-taxable","13":"purchasable","14":"product-type-variable","15":"has-default-attributes"},"_links":{"self":[{"href":"https:\/\/mukkmukk.com\/en\/wp-json\/wp\/v2\/product\/3816","targetHints":{"allow":["GET"]}}],"collection":[{"href":"https:\/\/mukkmukk.com\/en\/wp-json\/wp\/v2\/product"}],"about":[{"href":"https:\/\/mukkmukk.com\/en\/wp-json\/wp\/v2\/types\/product"}],"wp:featuredmedia":[{"embeddable":true,"href":"https:\/\/mukkmukk.com\/en\/wp-json\/wp\/v2\/media\/3755"}],"wp:attachment":[{"href":"https:\/\/mukkmukk.com\/en\/wp-json\/wp\/v2\/media?parent=3816"}],"wp:term":[{"taxonomy":"product_brand","embeddable":true,"href":"https:\/\/mukkmukk.com\/en\/wp-json\/wp\/v2\/product_brand?post=3816"},{"taxonomy":"product_cat","embeddable":true,"href":"https:\/\/mukkmukk.com\/en\/wp-json\/wp\/v2\/product_cat?post=3816"},{"taxonomy":"product_tag","embeddable":true,"href":"https:\/\/mukkmukk.com\/en\/wp-json\/wp\/v2\/product_tag?post=3816"}],"curies":[{"name":"wp","href":"https:\/\/api.w.org\/{rel}","templated":true}]}}