{"id":3815,"date":"2025-07-09T14:28:59","date_gmt":"2025-07-09T18:28:59","guid":{"rendered":"https:\/\/mukkmukk.com\/product\/petit-caramel\/"},"modified":"2025-07-09T17:08:54","modified_gmt":"2025-07-09T21:08:54","slug":"petit-caramel","status":"publish","type":"product","link":"https:\/\/mukkmukk.com\/en\/product\/petit-caramel\/","title":{"rendered":"Petit Caramel"},"content":{"rendered":"<p>Savourez la tendresse d\u2019un caramel fondant, d\u00e9licatement sucr\u00e9. Une saveur r\u00e9confortante, parfaite pour une vape gourmande.<\/p>","protected":false},"excerpt":{"rendered":"<p>Caramel fondant et doux pour une pause sucr\u00e9e.<\/p>","protected":false},"featured_media":3756,"template":"","meta":[],"product_brand":[],"product_cat":[95,48],"product_tag":[75],"class_list":{"0":"post-3815","1":"product","2":"type-product","3":"status-publish","4":"has-post-thumbnail","6":"product_cat-aquashots-ca","7":"product_cat-eliquids-ca","8":"product_tag-regular","10":"first","11":"instock","12":"shipping-taxable","13":"purchasable","14":"product-type-variable","15":"has-default-attributes"},"_links":{"self":[{"href":"https:\/\/mukkmukk.com\/en\/wp-json\/wp\/v2\/product\/3815","targetHints":{"allow":["GET"]}}],"collection":[{"href":"https:\/\/mukkmukk.com\/en\/wp-json\/wp\/v2\/product"}],"about":[{"href":"https:\/\/mukkmukk.com\/en\/wp-json\/wp\/v2\/types\/product"}],"wp:featuredmedia":[{"embeddable":true,"href":"https:\/\/mukkmukk.com\/en\/wp-json\/wp\/v2\/media\/3756"}],"wp:attachment":[{"href":"https:\/\/mukkmukk.com\/en\/wp-json\/wp\/v2\/media?parent=3815"}],"wp:term":[{"taxonomy":"product_brand","embeddable":true,"href":"https:\/\/mukkmukk.com\/en\/wp-json\/wp\/v2\/product_brand?post=3815"},{"taxonomy":"product_cat","embeddable":true,"href":"https:\/\/mukkmukk.com\/en\/wp-json\/wp\/v2\/product_cat?post=3815"},{"taxonomy":"product_tag","embeddable":true,"href":"https:\/\/mukkmukk.com\/en\/wp-json\/wp\/v2\/product_tag?post=3815"}],"curies":[{"name":"wp","href":"https:\/\/api.w.org\/{rel}","templated":true}]}}