{"id":3812,"date":"2025-07-09T14:28:58","date_gmt":"2025-07-09T18:28:58","guid":{"rendered":"https:\/\/mukkmukk.com\/product\/pomme-bleuet\/"},"modified":"2025-07-09T15:10:27","modified_gmt":"2025-07-09T19:10:27","slug":"pomme-bleuet","status":"publish","type":"product","link":"https:\/\/mukkmukk.com\/en\/product\/pomme-bleuet\/","title":{"rendered":"Pomme Bleuet"},"content":{"rendered":"<p>Go\u00fbtez \u00e0 l\u2019association de la pomme fra\u00eeche et du bleuet l\u00e9g\u00e8rement acidul\u00e9. Un m\u00e9lange fruit\u00e9, frais et \u00e9quilibr\u00e9.<\/p>","protected":false},"excerpt":{"rendered":"<p>Pomme croquante et bleuet acidul\u00e9 pour une vape fruit\u00e9e.<\/p>","protected":false},"featured_media":3759,"template":"","meta":[],"product_brand":[],"product_cat":[95,48],"product_tag":[75],"class_list":{"0":"post-3812","1":"product","2":"type-product","3":"status-publish","4":"has-post-thumbnail","6":"product_cat-aquashots-ca","7":"product_cat-eliquids-ca","8":"product_tag-regular","10":"first","11":"instock","12":"shipping-taxable","13":"purchasable","14":"product-type-variable","15":"has-default-attributes"},"_links":{"self":[{"href":"https:\/\/mukkmukk.com\/en\/wp-json\/wp\/v2\/product\/3812","targetHints":{"allow":["GET"]}}],"collection":[{"href":"https:\/\/mukkmukk.com\/en\/wp-json\/wp\/v2\/product"}],"about":[{"href":"https:\/\/mukkmukk.com\/en\/wp-json\/wp\/v2\/types\/product"}],"wp:featuredmedia":[{"embeddable":true,"href":"https:\/\/mukkmukk.com\/en\/wp-json\/wp\/v2\/media\/3759"}],"wp:attachment":[{"href":"https:\/\/mukkmukk.com\/en\/wp-json\/wp\/v2\/media?parent=3812"}],"wp:term":[{"taxonomy":"product_brand","embeddable":true,"href":"https:\/\/mukkmukk.com\/en\/wp-json\/wp\/v2\/product_brand?post=3812"},{"taxonomy":"product_cat","embeddable":true,"href":"https:\/\/mukkmukk.com\/en\/wp-json\/wp\/v2\/product_cat?post=3812"},{"taxonomy":"product_tag","embeddable":true,"href":"https:\/\/mukkmukk.com\/en\/wp-json\/wp\/v2\/product_tag?post=3812"}],"curies":[{"name":"wp","href":"https:\/\/api.w.org\/{rel}","templated":true}]}}