{"id":3810,"date":"2025-07-09T14:21:26","date_gmt":"2025-07-09T18:21:26","guid":{"rendered":"https:\/\/mukkmukk.com\/?post_type=product&#038;p=3810"},"modified":"2025-07-09T15:02:58","modified_gmt":"2025-07-09T19:02:58","slug":"baies-mix","status":"publish","type":"product","link":"https:\/\/mukkmukk.com\/en\/product\/baies-mix\/","title":{"rendered":"Baies Mix"},"content":{"rendered":"<p>Savourez la fra\u00eecheur d\u2019un assortiment de baies sauvages, alliant douceur et acidit\u00e9. Une exp\u00e9rience fruit\u00e9e et \u00e9quilibr\u00e9e \u00e0 chaque bouff\u00e9e.<\/p>","protected":false},"excerpt":{"rendered":"<p>Un m\u00e9lange explosif de baies sauvages pour une vape fruit\u00e9e.<\/p>","protected":false},"featured_media":3742,"template":"","meta":[],"product_brand":[],"product_cat":[95,48],"product_tag":[75],"class_list":{"0":"post-3810","1":"product","2":"type-product","3":"status-publish","4":"has-post-thumbnail","6":"product_cat-aquashots-ca","7":"product_cat-eliquids-ca","8":"product_tag-regular","10":"first","11":"instock","12":"shipping-taxable","13":"purchasable","14":"product-type-variable","15":"has-default-attributes"},"_links":{"self":[{"href":"https:\/\/mukkmukk.com\/en\/wp-json\/wp\/v2\/product\/3810","targetHints":{"allow":["GET"]}}],"collection":[{"href":"https:\/\/mukkmukk.com\/en\/wp-json\/wp\/v2\/product"}],"about":[{"href":"https:\/\/mukkmukk.com\/en\/wp-json\/wp\/v2\/types\/product"}],"wp:featuredmedia":[{"embeddable":true,"href":"https:\/\/mukkmukk.com\/en\/wp-json\/wp\/v2\/media\/3742"}],"wp:attachment":[{"href":"https:\/\/mukkmukk.com\/en\/wp-json\/wp\/v2\/media?parent=3810"}],"wp:term":[{"taxonomy":"product_brand","embeddable":true,"href":"https:\/\/mukkmukk.com\/en\/wp-json\/wp\/v2\/product_brand?post=3810"},{"taxonomy":"product_cat","embeddable":true,"href":"https:\/\/mukkmukk.com\/en\/wp-json\/wp\/v2\/product_cat?post=3810"},{"taxonomy":"product_tag","embeddable":true,"href":"https:\/\/mukkmukk.com\/en\/wp-json\/wp\/v2\/product_tag?post=3810"}],"curies":[{"name":"wp","href":"https:\/\/api.w.org\/{rel}","templated":true}]}}