{"id":3807,"date":"2025-07-09T14:21:26","date_gmt":"2025-07-09T18:21:26","guid":{"rendered":"https:\/\/mukkmukk.com\/?post_type=product&#038;p=3807"},"modified":"2025-07-11T12:24:38","modified_gmt":"2025-07-11T16:24:38","slug":"boysen-bonbon","status":"publish","type":"product","link":"https:\/\/mukkmukk.com\/en\/product\/boysen-bonbon\/","title":{"rendered":"Boysen Bonbon"},"content":{"rendered":"<p>D\u00e9couvrez la gourmandise d\u2019un bonbon \u00e0 la m\u00fbre de Boysen, subtilement sucr\u00e9 et l\u00e9g\u00e8rement acidul\u00e9. Une saveur originale et addictive.<\/p>","protected":false},"excerpt":{"rendered":"<p>Bonbon fruit\u00e9 \u00e0 la m\u00fbre de Boysen, doux et acidul\u00e9.<\/p>","protected":false},"featured_media":3744,"template":"","meta":[],"product_brand":[],"product_cat":[95,48],"product_tag":[75],"class_list":{"0":"post-3807","1":"product","2":"type-product","3":"status-publish","4":"has-post-thumbnail","6":"product_cat-aquashots-ca","7":"product_cat-eliquids-ca","8":"product_tag-regular","10":"first","11":"instock","12":"shipping-taxable","13":"purchasable","14":"product-type-variable","15":"has-default-attributes"},"_links":{"self":[{"href":"https:\/\/mukkmukk.com\/en\/wp-json\/wp\/v2\/product\/3807","targetHints":{"allow":["GET"]}}],"collection":[{"href":"https:\/\/mukkmukk.com\/en\/wp-json\/wp\/v2\/product"}],"about":[{"href":"https:\/\/mukkmukk.com\/en\/wp-json\/wp\/v2\/types\/product"}],"wp:featuredmedia":[{"embeddable":true,"href":"https:\/\/mukkmukk.com\/en\/wp-json\/wp\/v2\/media\/3744"}],"wp:attachment":[{"href":"https:\/\/mukkmukk.com\/en\/wp-json\/wp\/v2\/media?parent=3807"}],"wp:term":[{"taxonomy":"product_brand","embeddable":true,"href":"https:\/\/mukkmukk.com\/en\/wp-json\/wp\/v2\/product_brand?post=3807"},{"taxonomy":"product_cat","embeddable":true,"href":"https:\/\/mukkmukk.com\/en\/wp-json\/wp\/v2\/product_cat?post=3807"},{"taxonomy":"product_tag","embeddable":true,"href":"https:\/\/mukkmukk.com\/en\/wp-json\/wp\/v2\/product_tag?post=3807"}],"curies":[{"name":"wp","href":"https:\/\/api.w.org\/{rel}","templated":true}]}}