{"id":3806,"date":"2025-07-09T14:21:26","date_gmt":"2025-07-09T18:21:26","guid":{"rendered":"https:\/\/mukkmukk.com\/?post_type=product&#038;p=3806"},"modified":"2025-07-09T15:03:57","modified_gmt":"2025-07-09T19:03:57","slug":"canadien-express","status":"publish","type":"product","link":"https:\/\/mukkmukk.com\/en\/product\/canadien-express\/","title":{"rendered":"Canadien Express"},"content":{"rendered":"<p>Voyagez au Canada avec cette saveur d\u2019\u00e9rable d\u00e9licatement sucr\u00e9e, rehauss\u00e9e de notes chaleureuses. Parfait pour une vape r\u00e9confortante et unique.<\/p>","protected":false},"excerpt":{"rendered":"<p>Saveur inspir\u00e9e du Canada, \u00e9rable doux et notes chaleureuses.<\/p>","protected":false},"featured_media":3746,"template":"","meta":[],"product_brand":[],"product_cat":[95,48],"product_tag":[75],"class_list":{"0":"post-3806","1":"product","2":"type-product","3":"status-publish","4":"has-post-thumbnail","6":"product_cat-aquashots-ca","7":"product_cat-eliquids-ca","8":"product_tag-regular","10":"first","11":"instock","12":"shipping-taxable","13":"purchasable","14":"product-type-variable","15":"has-default-attributes"},"_links":{"self":[{"href":"https:\/\/mukkmukk.com\/en\/wp-json\/wp\/v2\/product\/3806","targetHints":{"allow":["GET"]}}],"collection":[{"href":"https:\/\/mukkmukk.com\/en\/wp-json\/wp\/v2\/product"}],"about":[{"href":"https:\/\/mukkmukk.com\/en\/wp-json\/wp\/v2\/types\/product"}],"wp:featuredmedia":[{"embeddable":true,"href":"https:\/\/mukkmukk.com\/en\/wp-json\/wp\/v2\/media\/3746"}],"wp:attachment":[{"href":"https:\/\/mukkmukk.com\/en\/wp-json\/wp\/v2\/media?parent=3806"}],"wp:term":[{"taxonomy":"product_brand","embeddable":true,"href":"https:\/\/mukkmukk.com\/en\/wp-json\/wp\/v2\/product_brand?post=3806"},{"taxonomy":"product_cat","embeddable":true,"href":"https:\/\/mukkmukk.com\/en\/wp-json\/wp\/v2\/product_cat?post=3806"},{"taxonomy":"product_tag","embeddable":true,"href":"https:\/\/mukkmukk.com\/en\/wp-json\/wp\/v2\/product_tag?post=3806"}],"curies":[{"name":"wp","href":"https:\/\/api.w.org\/{rel}","templated":true}]}}