{"id":3805,"date":"2025-07-09T14:21:26","date_gmt":"2025-07-09T18:21:26","guid":{"rendered":"https:\/\/mukkmukk.com\/?post_type=product&#038;p=3805"},"modified":"2025-07-09T15:04:56","modified_gmt":"2025-07-09T19:04:56","slug":"fraise-nana","status":"publish","type":"product","link":"https:\/\/mukkmukk.com\/en\/product\/fraise-nana\/","title":{"rendered":"Fraise Nana"},"content":{"rendered":"<p>Appr\u00e9ciez l\u2019alliance de la fraise fra\u00eeche et de la banane onctueuse. Un duo fruit\u00e9, doux et parfaitement \u00e9quilibr\u00e9.<\/p>","protected":false},"excerpt":{"rendered":"<p>Fraise juteuse et banane cr\u00e9meuse pour une vape douce.<\/p>","protected":false},"featured_media":3747,"template":"","meta":[],"product_brand":[],"product_cat":[95,48],"product_tag":[75],"class_list":{"0":"post-3805","1":"product","2":"type-product","3":"status-publish","4":"has-post-thumbnail","6":"product_cat-aquashots-ca","7":"product_cat-eliquids-ca","8":"product_tag-regular","10":"first","11":"instock","12":"shipping-taxable","13":"purchasable","14":"product-type-variable","15":"has-default-attributes"},"_links":{"self":[{"href":"https:\/\/mukkmukk.com\/en\/wp-json\/wp\/v2\/product\/3805","targetHints":{"allow":["GET"]}}],"collection":[{"href":"https:\/\/mukkmukk.com\/en\/wp-json\/wp\/v2\/product"}],"about":[{"href":"https:\/\/mukkmukk.com\/en\/wp-json\/wp\/v2\/types\/product"}],"wp:featuredmedia":[{"embeddable":true,"href":"https:\/\/mukkmukk.com\/en\/wp-json\/wp\/v2\/media\/3747"}],"wp:attachment":[{"href":"https:\/\/mukkmukk.com\/en\/wp-json\/wp\/v2\/media?parent=3805"}],"wp:term":[{"taxonomy":"product_brand","embeddable":true,"href":"https:\/\/mukkmukk.com\/en\/wp-json\/wp\/v2\/product_brand?post=3805"},{"taxonomy":"product_cat","embeddable":true,"href":"https:\/\/mukkmukk.com\/en\/wp-json\/wp\/v2\/product_cat?post=3805"},{"taxonomy":"product_tag","embeddable":true,"href":"https:\/\/mukkmukk.com\/en\/wp-json\/wp\/v2\/product_tag?post=3805"}],"curies":[{"name":"wp","href":"https:\/\/api.w.org\/{rel}","templated":true}]}}