{"id":3802,"date":"2025-07-09T14:21:26","date_gmt":"2025-07-09T18:21:26","guid":{"rendered":"https:\/\/mukkmukk.com\/?post_type=product&#038;p=3802"},"modified":"2025-07-09T15:06:59","modified_gmt":"2025-07-09T19:06:59","slug":"mango-poire","status":"publish","type":"product","link":"https:\/\/mukkmukk.com\/en\/product\/mango-poire\/","title":{"rendered":"Mango Poire"},"content":{"rendered":"<p>Laissez-vous s\u00e9duire par la douceur de la poire associ\u00e9e \u00e0 la mangue juteuse. Une combinaison \u00e9l\u00e9gante et fruit\u00e9e.<\/p>","protected":false},"excerpt":{"rendered":"<p>Mangue exotique et poire douce pour une vape raffin\u00e9e.<\/p>","protected":false},"featured_media":3751,"template":"","meta":[],"product_brand":[],"product_cat":[95,48],"product_tag":[75],"class_list":{"0":"post-3802","1":"product","2":"type-product","3":"status-publish","4":"has-post-thumbnail","6":"product_cat-aquashots-ca","7":"product_cat-eliquids-ca","8":"product_tag-regular","10":"first","11":"instock","12":"shipping-taxable","13":"purchasable","14":"product-type-variable","15":"has-default-attributes"},"_links":{"self":[{"href":"https:\/\/mukkmukk.com\/en\/wp-json\/wp\/v2\/product\/3802","targetHints":{"allow":["GET"]}}],"collection":[{"href":"https:\/\/mukkmukk.com\/en\/wp-json\/wp\/v2\/product"}],"about":[{"href":"https:\/\/mukkmukk.com\/en\/wp-json\/wp\/v2\/types\/product"}],"wp:featuredmedia":[{"embeddable":true,"href":"https:\/\/mukkmukk.com\/en\/wp-json\/wp\/v2\/media\/3751"}],"wp:attachment":[{"href":"https:\/\/mukkmukk.com\/en\/wp-json\/wp\/v2\/media?parent=3802"}],"wp:term":[{"taxonomy":"product_brand","embeddable":true,"href":"https:\/\/mukkmukk.com\/en\/wp-json\/wp\/v2\/product_brand?post=3802"},{"taxonomy":"product_cat","embeddable":true,"href":"https:\/\/mukkmukk.com\/en\/wp-json\/wp\/v2\/product_cat?post=3802"},{"taxonomy":"product_tag","embeddable":true,"href":"https:\/\/mukkmukk.com\/en\/wp-json\/wp\/v2\/product_tag?post=3802"}],"curies":[{"name":"wp","href":"https:\/\/api.w.org\/{rel}","templated":true}]}}