{"id":3775,"date":"2025-07-09T09:17:32","date_gmt":"2025-07-09T13:17:32","guid":{"rendered":"https:\/\/mukkmukk.com\/?post_type=product&#038;p=3775"},"modified":"2025-07-09T09:23:46","modified_gmt":"2025-07-09T13:23:46","slug":"pomme-citron","status":"publish","type":"product","link":"https:\/\/mukkmukk.com\/en\/product\/pomme-citron\/","title":{"rendered":"Pomme Citron"},"content":{"rendered":"<p>Go\u00fbtez \u00e0 l\u2019\u00e9quilibre parfait entre la douceur de la pomme et la fra\u00eecheur du citron. Une saveur vivifiante et fruit\u00e9e.<\/p>","protected":false},"excerpt":{"rendered":"<p>Pomme croquante et citron acidul\u00e9 pour une vape tonique.<\/p>","protected":false},"featured_media":3761,"template":"","meta":[],"product_brand":[],"product_cat":[48,96],"product_tag":[75],"class_list":{"0":"post-3775","1":"product","2":"type-product","3":"status-publish","4":"has-post-thumbnail","6":"product_cat-eliquids-ca","7":"product_cat-goutteo-ca","8":"product_tag-regular","10":"first","11":"instock","12":"shipping-taxable","13":"purchasable","14":"product-type-variable","15":"has-default-attributes"},"_links":{"self":[{"href":"https:\/\/mukkmukk.com\/en\/wp-json\/wp\/v2\/product\/3775","targetHints":{"allow":["GET"]}}],"collection":[{"href":"https:\/\/mukkmukk.com\/en\/wp-json\/wp\/v2\/product"}],"about":[{"href":"https:\/\/mukkmukk.com\/en\/wp-json\/wp\/v2\/types\/product"}],"wp:featuredmedia":[{"embeddable":true,"href":"https:\/\/mukkmukk.com\/en\/wp-json\/wp\/v2\/media\/3761"}],"wp:attachment":[{"href":"https:\/\/mukkmukk.com\/en\/wp-json\/wp\/v2\/media?parent=3775"}],"wp:term":[{"taxonomy":"product_brand","embeddable":true,"href":"https:\/\/mukkmukk.com\/en\/wp-json\/wp\/v2\/product_brand?post=3775"},{"taxonomy":"product_cat","embeddable":true,"href":"https:\/\/mukkmukk.com\/en\/wp-json\/wp\/v2\/product_cat?post=3775"},{"taxonomy":"product_tag","embeddable":true,"href":"https:\/\/mukkmukk.com\/en\/wp-json\/wp\/v2\/product_tag?post=3775"}],"curies":[{"name":"wp","href":"https:\/\/api.w.org\/{rel}","templated":true}]}}