{"id":3774,"date":"2025-07-09T09:17:32","date_gmt":"2025-07-09T13:17:32","guid":{"rendered":"https:\/\/mukkmukk.com\/?post_type=product&#038;p=3774"},"modified":"2025-07-09T09:23:05","modified_gmt":"2025-07-09T13:23:05","slug":"oasis-tropical","status":"publish","type":"product","link":"https:\/\/mukkmukk.com\/en\/product\/oasis-tropical\/","title":{"rendered":"Oasis Tropical"},"content":{"rendered":"<p>Voyagez sous les tropiques avec ce m\u00e9lange exotique de fruits. Une vape ensoleill\u00e9e, id\u00e9ale pour les amateurs de saveurs intenses.<\/p>","protected":false},"excerpt":{"rendered":"<p>Un cocktail exotique de fruits tropicaux pour \u00e9vasion garantie.<\/p>","protected":false},"featured_media":3765,"template":"","meta":[],"product_brand":[],"product_cat":[48,96],"product_tag":[75],"class_list":{"0":"post-3774","1":"product","2":"type-product","3":"status-publish","4":"has-post-thumbnail","6":"product_cat-eliquids-ca","7":"product_cat-goutteo-ca","8":"product_tag-regular","10":"first","11":"instock","12":"shipping-taxable","13":"purchasable","14":"product-type-variable","15":"has-default-attributes"},"_links":{"self":[{"href":"https:\/\/mukkmukk.com\/en\/wp-json\/wp\/v2\/product\/3774","targetHints":{"allow":["GET"]}}],"collection":[{"href":"https:\/\/mukkmukk.com\/en\/wp-json\/wp\/v2\/product"}],"about":[{"href":"https:\/\/mukkmukk.com\/en\/wp-json\/wp\/v2\/types\/product"}],"wp:featuredmedia":[{"embeddable":true,"href":"https:\/\/mukkmukk.com\/en\/wp-json\/wp\/v2\/media\/3765"}],"wp:attachment":[{"href":"https:\/\/mukkmukk.com\/en\/wp-json\/wp\/v2\/media?parent=3774"}],"wp:term":[{"taxonomy":"product_brand","embeddable":true,"href":"https:\/\/mukkmukk.com\/en\/wp-json\/wp\/v2\/product_brand?post=3774"},{"taxonomy":"product_cat","embeddable":true,"href":"https:\/\/mukkmukk.com\/en\/wp-json\/wp\/v2\/product_cat?post=3774"},{"taxonomy":"product_tag","embeddable":true,"href":"https:\/\/mukkmukk.com\/en\/wp-json\/wp\/v2\/product_tag?post=3774"}],"curies":[{"name":"wp","href":"https:\/\/api.w.org\/{rel}","templated":true}]}}