{"id":3773,"date":"2025-07-09T09:17:32","date_gmt":"2025-07-09T13:17:32","guid":{"rendered":"https:\/\/mukkmukk.com\/?post_type=product&#038;p=3773"},"modified":"2025-07-11T12:24:05","modified_gmt":"2025-07-11T16:24:05","slug":"framboise-raisin","status":"publish","type":"product","link":"https:\/\/mukkmukk.com\/en\/product\/framboise-raisin\/","title":{"rendered":"Framboise Raisin"},"content":{"rendered":"<p>Laissez-vous s\u00e9duire par la douceur du raisin associ\u00e9e \u00e0 la fra\u00eecheur de la framboise. Une saveur fruit\u00e9e et harmonieuse.<\/p>","protected":false},"excerpt":{"rendered":"<p>Un mariage subtil de framboise juteuse et de raisin doux.<\/p>","protected":false},"featured_media":3764,"template":"","meta":[],"product_brand":[],"product_cat":[48,96],"product_tag":[75],"class_list":{"0":"post-3773","1":"product","2":"type-product","3":"status-publish","4":"has-post-thumbnail","6":"product_cat-eliquids-ca","7":"product_cat-goutteo-ca","8":"product_tag-regular","10":"first","11":"instock","12":"shipping-taxable","13":"purchasable","14":"product-type-variable","15":"has-default-attributes"},"_links":{"self":[{"href":"https:\/\/mukkmukk.com\/en\/wp-json\/wp\/v2\/product\/3773","targetHints":{"allow":["GET"]}}],"collection":[{"href":"https:\/\/mukkmukk.com\/en\/wp-json\/wp\/v2\/product"}],"about":[{"href":"https:\/\/mukkmukk.com\/en\/wp-json\/wp\/v2\/types\/product"}],"wp:featuredmedia":[{"embeddable":true,"href":"https:\/\/mukkmukk.com\/en\/wp-json\/wp\/v2\/media\/3764"}],"wp:attachment":[{"href":"https:\/\/mukkmukk.com\/en\/wp-json\/wp\/v2\/media?parent=3773"}],"wp:term":[{"taxonomy":"product_brand","embeddable":true,"href":"https:\/\/mukkmukk.com\/en\/wp-json\/wp\/v2\/product_brand?post=3773"},{"taxonomy":"product_cat","embeddable":true,"href":"https:\/\/mukkmukk.com\/en\/wp-json\/wp\/v2\/product_cat?post=3773"},{"taxonomy":"product_tag","embeddable":true,"href":"https:\/\/mukkmukk.com\/en\/wp-json\/wp\/v2\/product_tag?post=3773"}],"curies":[{"name":"wp","href":"https:\/\/api.w.org\/{rel}","templated":true}]}}