{"id":3772,"date":"2025-07-09T09:17:32","date_gmt":"2025-07-09T13:17:32","guid":{"rendered":"https:\/\/mukkmukk.com\/?post_type=product&#038;p=3772"},"modified":"2025-07-09T09:24:24","modified_gmt":"2025-07-09T13:24:24","slug":"canneberge-oranginette","status":"publish","type":"product","link":"https:\/\/mukkmukk.com\/en\/product\/canneberge-oranginette\/","title":{"rendered":"Canneberge Oranginette"},"content":{"rendered":"<p>Savourez l\u2019alliance unique de la canneberge acidul\u00e9e et de l\u2019orange douce. Un m\u00e9lange fruit\u00e9 et l\u00e9g\u00e8rement sucr\u00e9, id\u00e9al toute la journ\u00e9e.<\/p>","protected":false},"excerpt":{"rendered":"<p>Canneberge acidul\u00e9e et orange douce pour une vape gourmande.<\/p>","protected":false},"featured_media":3763,"template":"","meta":[],"product_brand":[],"product_cat":[48,96],"product_tag":[75],"class_list":{"0":"post-3772","1":"product","2":"type-product","3":"status-publish","4":"has-post-thumbnail","6":"product_cat-eliquids-ca","7":"product_cat-goutteo-ca","8":"product_tag-regular","10":"first","11":"instock","12":"shipping-taxable","13":"purchasable","14":"product-type-variable","15":"has-default-attributes"},"_links":{"self":[{"href":"https:\/\/mukkmukk.com\/en\/wp-json\/wp\/v2\/product\/3772","targetHints":{"allow":["GET"]}}],"collection":[{"href":"https:\/\/mukkmukk.com\/en\/wp-json\/wp\/v2\/product"}],"about":[{"href":"https:\/\/mukkmukk.com\/en\/wp-json\/wp\/v2\/types\/product"}],"wp:featuredmedia":[{"embeddable":true,"href":"https:\/\/mukkmukk.com\/en\/wp-json\/wp\/v2\/media\/3763"}],"wp:attachment":[{"href":"https:\/\/mukkmukk.com\/en\/wp-json\/wp\/v2\/media?parent=3772"}],"wp:term":[{"taxonomy":"product_brand","embeddable":true,"href":"https:\/\/mukkmukk.com\/en\/wp-json\/wp\/v2\/product_brand?post=3772"},{"taxonomy":"product_cat","embeddable":true,"href":"https:\/\/mukkmukk.com\/en\/wp-json\/wp\/v2\/product_cat?post=3772"},{"taxonomy":"product_tag","embeddable":true,"href":"https:\/\/mukkmukk.com\/en\/wp-json\/wp\/v2\/product_tag?post=3772"}],"curies":[{"name":"wp","href":"https:\/\/api.w.org\/{rel}","templated":true}]}}