{"id":3771,"date":"2025-07-09T09:17:32","date_gmt":"2025-07-09T13:17:32","guid":{"rendered":"https:\/\/mukkmukk.com\/?post_type=product&#038;p=3771"},"modified":"2025-07-09T09:21:52","modified_gmt":"2025-07-09T13:21:52","slug":"ananas-citron","status":"publish","type":"product","link":"https:\/\/mukkmukk.com\/en\/product\/ananas-citron\/","title":{"rendered":"Ananas Citron"},"content":{"rendered":"<p>D\u00e9couvrez la fra\u00eecheur tropicale de l\u2019ananas associ\u00e9e \u00e0 la vivacit\u00e9 du citron. Un m\u00e9lange fruit\u00e9 et \u00e9quilibr\u00e9 pour une vape estivale.<\/p>","protected":false},"excerpt":{"rendered":"<p>Un duo rafra\u00eechissant d\u2019ananas sucr\u00e9 et de citron acidul\u00e9.<\/p>","protected":false},"featured_media":3762,"template":"","meta":[],"product_brand":[],"product_cat":[48,96],"product_tag":[75],"class_list":{"0":"post-3771","1":"product","2":"type-product","3":"status-publish","4":"has-post-thumbnail","6":"product_cat-eliquids-ca","7":"product_cat-goutteo-ca","8":"product_tag-regular","10":"first","11":"instock","12":"shipping-taxable","13":"purchasable","14":"product-type-variable","15":"has-default-attributes"},"_links":{"self":[{"href":"https:\/\/mukkmukk.com\/en\/wp-json\/wp\/v2\/product\/3771","targetHints":{"allow":["GET"]}}],"collection":[{"href":"https:\/\/mukkmukk.com\/en\/wp-json\/wp\/v2\/product"}],"about":[{"href":"https:\/\/mukkmukk.com\/en\/wp-json\/wp\/v2\/types\/product"}],"wp:featuredmedia":[{"embeddable":true,"href":"https:\/\/mukkmukk.com\/en\/wp-json\/wp\/v2\/media\/3762"}],"wp:attachment":[{"href":"https:\/\/mukkmukk.com\/en\/wp-json\/wp\/v2\/media?parent=3771"}],"wp:term":[{"taxonomy":"product_brand","embeddable":true,"href":"https:\/\/mukkmukk.com\/en\/wp-json\/wp\/v2\/product_brand?post=3771"},{"taxonomy":"product_cat","embeddable":true,"href":"https:\/\/mukkmukk.com\/en\/wp-json\/wp\/v2\/product_cat?post=3771"},{"taxonomy":"product_tag","embeddable":true,"href":"https:\/\/mukkmukk.com\/en\/wp-json\/wp\/v2\/product_tag?post=3771"}],"curies":[{"name":"wp","href":"https:\/\/api.w.org\/{rel}","templated":true}]}}