{"id":2941,"date":"2024-06-26T12:45:14","date_gmt":"2024-06-26T16:45:14","guid":{"rendered":"https:\/\/mukkmukk.com\/?post_type=product&#038;p=2941"},"modified":"2024-09-23T15:42:57","modified_gmt":"2024-09-23T19:42:57","slug":"apple-cranberry-pomegranate","status":"publish","type":"product","link":"https:\/\/mukkmukk.com\/en\/product\/apple-cranberry-pomegranate\/","title":{"rendered":"APPLE CRANBERRY POMEGRANATE"},"content":{"rendered":"<p> D\u00e9couvrez la saveur surprenante de la pomme pour commencer, suivie de l&rsquo;acidit\u00e9 de la grenade, pour enfin finir sur le go\u00fbt sucr\u00e9 et r\u00e9confortant de la Cranberry.<\/p>","protected":false},"excerpt":{"rendered":"<p> Apple, Pomegranate and Cranberry<\/p>","protected":false},"featured_media":2122,"template":"","meta":[],"product_brand":[],"product_cat":[48,53],"product_tag":[76],"class_list":{"0":"post-2941","1":"product","2":"type-product","3":"status-publish","4":"has-post-thumbnail","6":"product_cat-eliquids-ca","7":"product_cat-supermukk-ca","8":"product_tag-salt","10":"first","11":"instock","12":"shipping-taxable","13":"purchasable","14":"product-type-variable"},"_links":{"self":[{"href":"https:\/\/mukkmukk.com\/en\/wp-json\/wp\/v2\/product\/2941","targetHints":{"allow":["GET"]}}],"collection":[{"href":"https:\/\/mukkmukk.com\/en\/wp-json\/wp\/v2\/product"}],"about":[{"href":"https:\/\/mukkmukk.com\/en\/wp-json\/wp\/v2\/types\/product"}],"wp:featuredmedia":[{"embeddable":true,"href":"https:\/\/mukkmukk.com\/en\/wp-json\/wp\/v2\/media\/2122"}],"wp:attachment":[{"href":"https:\/\/mukkmukk.com\/en\/wp-json\/wp\/v2\/media?parent=2941"}],"wp:term":[{"taxonomy":"product_brand","embeddable":true,"href":"https:\/\/mukkmukk.com\/en\/wp-json\/wp\/v2\/product_brand?post=2941"},{"taxonomy":"product_cat","embeddable":true,"href":"https:\/\/mukkmukk.com\/en\/wp-json\/wp\/v2\/product_cat?post=2941"},{"taxonomy":"product_tag","embeddable":true,"href":"https:\/\/mukkmukk.com\/en\/wp-json\/wp\/v2\/product_tag?post=2941"}],"curies":[{"name":"wp","href":"https:\/\/api.w.org\/{rel}","templated":true}]}}