{"id":2930,"date":"2024-06-26T12:42:55","date_gmt":"2024-06-26T16:42:55","guid":{"rendered":"https:\/\/mukkmukk.com\/?post_type=product&#038;p=2930"},"modified":"2024-09-23T15:43:04","modified_gmt":"2024-09-23T19:43:04","slug":"mango-pineapple-2","status":"publish","type":"product","link":"https:\/\/mukkmukk.com\/en\/product\/mango-pineapple-2\/","title":{"rendered":"MANGO PINEAPPLE"},"content":{"rendered":"<p> L&rsquo;association de l&rsquo;ananas frais et de la mangue juteuse vous rappellera les vacances et la grenadine sucr\u00e9e vous r\u00e9confortera dans votre d\u00e9gustation.<\/p>","protected":false},"excerpt":{"rendered":"<p> Mango, pineapple, grenadine<\/p>","protected":false},"featured_media":2120,"template":"","meta":[],"product_brand":[],"product_cat":[48,53],"product_tag":[75],"class_list":{"0":"post-2930","1":"product","2":"type-product","3":"status-publish","4":"has-post-thumbnail","6":"product_cat-eliquids-ca","7":"product_cat-supermukk-ca","8":"product_tag-regular","10":"first","11":"instock","12":"shipping-taxable","13":"purchasable","14":"product-type-variable"},"_links":{"self":[{"href":"https:\/\/mukkmukk.com\/en\/wp-json\/wp\/v2\/product\/2930","targetHints":{"allow":["GET"]}}],"collection":[{"href":"https:\/\/mukkmukk.com\/en\/wp-json\/wp\/v2\/product"}],"about":[{"href":"https:\/\/mukkmukk.com\/en\/wp-json\/wp\/v2\/types\/product"}],"wp:featuredmedia":[{"embeddable":true,"href":"https:\/\/mukkmukk.com\/en\/wp-json\/wp\/v2\/media\/2120"}],"wp:attachment":[{"href":"https:\/\/mukkmukk.com\/en\/wp-json\/wp\/v2\/media?parent=2930"}],"wp:term":[{"taxonomy":"product_brand","embeddable":true,"href":"https:\/\/mukkmukk.com\/en\/wp-json\/wp\/v2\/product_brand?post=2930"},{"taxonomy":"product_cat","embeddable":true,"href":"https:\/\/mukkmukk.com\/en\/wp-json\/wp\/v2\/product_cat?post=2930"},{"taxonomy":"product_tag","embeddable":true,"href":"https:\/\/mukkmukk.com\/en\/wp-json\/wp\/v2\/product_tag?post=2930"}],"curies":[{"name":"wp","href":"https:\/\/api.w.org\/{rel}","templated":true}]}}