{"id":2898,"date":"2024-06-26T12:33:59","date_gmt":"2024-06-26T16:33:59","guid":{"rendered":"https:\/\/mukkmukk.com\/?post_type=product&#038;p=2898"},"modified":"2024-09-23T15:43:04","modified_gmt":"2024-09-23T19:43:04","slug":"ice-orange-lime-2","status":"publish","type":"product","link":"https:\/\/mukkmukk.com\/en\/product\/ice-orange-lime-2\/","title":{"rendered":"ORANGE &amp; LIME"},"content":{"rendered":"<p> Explosion glac\u00e9e vive d&rsquo;oranges combin\u00e9e \u00e0 la fusion de citron vert juteux.<\/p>","protected":false},"excerpt":{"rendered":"<p> M\u00e9lange glac\u00e9 d&rsquo;orange et de citron vert.<\/p>","protected":false},"featured_media":2066,"template":"","meta":[],"product_brand":[],"product_cat":[48,51],"product_tag":[77,75],"class_list":{"0":"post-2898","1":"product","2":"type-product","3":"status-publish","4":"has-post-thumbnail","6":"product_cat-eliquids-ca","7":"product_cat-crazychvmpvgne-ca","8":"product_tag-ice","9":"product_tag-regular","11":"first","12":"instock","13":"shipping-taxable","14":"purchasable","15":"product-type-variable"},"_links":{"self":[{"href":"https:\/\/mukkmukk.com\/en\/wp-json\/wp\/v2\/product\/2898","targetHints":{"allow":["GET"]}}],"collection":[{"href":"https:\/\/mukkmukk.com\/en\/wp-json\/wp\/v2\/product"}],"about":[{"href":"https:\/\/mukkmukk.com\/en\/wp-json\/wp\/v2\/types\/product"}],"wp:featuredmedia":[{"embeddable":true,"href":"https:\/\/mukkmukk.com\/en\/wp-json\/wp\/v2\/media\/2066"}],"wp:attachment":[{"href":"https:\/\/mukkmukk.com\/en\/wp-json\/wp\/v2\/media?parent=2898"}],"wp:term":[{"taxonomy":"product_brand","embeddable":true,"href":"https:\/\/mukkmukk.com\/en\/wp-json\/wp\/v2\/product_brand?post=2898"},{"taxonomy":"product_cat","embeddable":true,"href":"https:\/\/mukkmukk.com\/en\/wp-json\/wp\/v2\/product_cat?post=2898"},{"taxonomy":"product_tag","embeddable":true,"href":"https:\/\/mukkmukk.com\/en\/wp-json\/wp\/v2\/product_tag?post=2898"}],"curies":[{"name":"wp","href":"https:\/\/api.w.org\/{rel}","templated":true}]}}