{"id":2892,"date":"2024-06-26T12:30:27","date_gmt":"2024-06-26T16:30:27","guid":{"rendered":"https:\/\/mukkmukk.com\/?post_type=product&#038;p=2892"},"modified":"2024-09-23T15:43:04","modified_gmt":"2024-09-23T19:43:04","slug":"ice-orange-lime","status":"publish","type":"product","link":"https:\/\/mukkmukk.com\/en\/product\/ice-orange-lime\/","title":{"rendered":"ORANGE &amp; LIME"},"content":{"rendered":"<p> Explosion glac\u00e9e vive d&rsquo;oranges combin\u00e9e \u00e0 la fusion de citron vert juteux.<\/p>","protected":false},"excerpt":{"rendered":"<p> M\u00e9lange glac\u00e9 d&rsquo;orange et de citron vert.<\/p>","protected":false},"featured_media":2064,"template":"","meta":[],"product_brand":[],"product_cat":[48,51],"product_tag":[77,76],"class_list":{"0":"post-2892","1":"product","2":"type-product","3":"status-publish","4":"has-post-thumbnail","6":"product_cat-eliquids-ca","7":"product_cat-crazychvmpvgne-ca","8":"product_tag-ice","9":"product_tag-salt","11":"first","12":"instock","13":"shipping-taxable","14":"purchasable","15":"product-type-variable"},"_links":{"self":[{"href":"https:\/\/mukkmukk.com\/en\/wp-json\/wp\/v2\/product\/2892","targetHints":{"allow":["GET"]}}],"collection":[{"href":"https:\/\/mukkmukk.com\/en\/wp-json\/wp\/v2\/product"}],"about":[{"href":"https:\/\/mukkmukk.com\/en\/wp-json\/wp\/v2\/types\/product"}],"wp:featuredmedia":[{"embeddable":true,"href":"https:\/\/mukkmukk.com\/en\/wp-json\/wp\/v2\/media\/2064"}],"wp:attachment":[{"href":"https:\/\/mukkmukk.com\/en\/wp-json\/wp\/v2\/media?parent=2892"}],"wp:term":[{"taxonomy":"product_brand","embeddable":true,"href":"https:\/\/mukkmukk.com\/en\/wp-json\/wp\/v2\/product_brand?post=2892"},{"taxonomy":"product_cat","embeddable":true,"href":"https:\/\/mukkmukk.com\/en\/wp-json\/wp\/v2\/product_cat?post=2892"},{"taxonomy":"product_tag","embeddable":true,"href":"https:\/\/mukkmukk.com\/en\/wp-json\/wp\/v2\/product_tag?post=2892"}],"curies":[{"name":"wp","href":"https:\/\/api.w.org\/{rel}","templated":true}]}}