{"id":2644,"date":"2024-06-18T14:25:51","date_gmt":"2024-06-18T18:25:51","guid":{"rendered":"https:\/\/mukkmukk.com\/?post_type=product&#038;p=2644"},"modified":"2024-09-23T15:43:35","modified_gmt":"2024-09-23T19:43:35","slug":"ice-fuji-strawberry-peach","status":"publish","type":"product","link":"https:\/\/mukkmukk.com\/en\/product\/ice-fuji-strawberry-peach\/","title":{"rendered":"FUJI, STRAWBERRY &amp; PEACH"},"content":{"rendered":"<p> Une symphonie glac\u00e9e de pomme Fuji et d&rsquo;amp; fraise juteuse avec p\u00eache d\u00e9licieuse.<\/p>","protected":false},"excerpt":{"rendered":"<p> Fusion between fuji apple, sweet strawberries and juicy peach.<\/p>","protected":false},"featured_media":2091,"template":"","meta":[],"product_brand":[],"product_cat":[48,52],"product_tag":[77,76],"class_list":{"0":"post-2644","1":"product","2":"type-product","3":"status-publish","4":"has-post-thumbnail","6":"product_cat-eliquids-ca","7":"product_cat-crazyjuice-ca","8":"product_tag-ice","9":"product_tag-salt","11":"first","12":"instock","13":"shipping-taxable","14":"purchasable","15":"product-type-variable"},"_links":{"self":[{"href":"https:\/\/mukkmukk.com\/en\/wp-json\/wp\/v2\/product\/2644","targetHints":{"allow":["GET"]}}],"collection":[{"href":"https:\/\/mukkmukk.com\/en\/wp-json\/wp\/v2\/product"}],"about":[{"href":"https:\/\/mukkmukk.com\/en\/wp-json\/wp\/v2\/types\/product"}],"wp:featuredmedia":[{"embeddable":true,"href":"https:\/\/mukkmukk.com\/en\/wp-json\/wp\/v2\/media\/2091"}],"wp:attachment":[{"href":"https:\/\/mukkmukk.com\/en\/wp-json\/wp\/v2\/media?parent=2644"}],"wp:term":[{"taxonomy":"product_brand","embeddable":true,"href":"https:\/\/mukkmukk.com\/en\/wp-json\/wp\/v2\/product_brand?post=2644"},{"taxonomy":"product_cat","embeddable":true,"href":"https:\/\/mukkmukk.com\/en\/wp-json\/wp\/v2\/product_cat?post=2644"},{"taxonomy":"product_tag","embeddable":true,"href":"https:\/\/mukkmukk.com\/en\/wp-json\/wp\/v2\/product_tag?post=2644"}],"curies":[{"name":"wp","href":"https:\/\/api.w.org\/{rel}","templated":true}]}}