{"id":2592,"date":"2024-06-11T14:47:00","date_gmt":"2024-06-11T18:47:00","guid":{"rendered":"https:\/\/mukkmukk.com\/?post_type=product&#038;p=2592"},"modified":"2024-09-23T15:43:35","modified_gmt":"2024-09-23T19:43:35","slug":"ice-watermelon-lychee-2","status":"publish","type":"product","link":"https:\/\/mukkmukk.com\/en\/product\/ice-watermelon-lychee-2\/","title":{"rendered":"WATERMELON &amp; LYCHEE"},"content":{"rendered":"<p> L&rsquo;\u00e9quilibre parfait entre la past\u00e8que et le litchi pour une fra\u00eecheur tardive.<\/p>","protected":false},"excerpt":{"rendered":"<p> Blend frozen watermelon and lychee.<\/p>","protected":false},"featured_media":2098,"template":"","meta":[],"product_brand":[],"product_cat":[48,52],"product_tag":[77,75],"class_list":{"0":"post-2592","1":"product","2":"type-product","3":"status-publish","4":"has-post-thumbnail","6":"product_cat-eliquids-ca","7":"product_cat-crazyjuice-ca","8":"product_tag-ice","9":"product_tag-regular","11":"first","12":"instock","13":"shipping-taxable","14":"purchasable","15":"product-type-variable"},"_links":{"self":[{"href":"https:\/\/mukkmukk.com\/en\/wp-json\/wp\/v2\/product\/2592","targetHints":{"allow":["GET"]}}],"collection":[{"href":"https:\/\/mukkmukk.com\/en\/wp-json\/wp\/v2\/product"}],"about":[{"href":"https:\/\/mukkmukk.com\/en\/wp-json\/wp\/v2\/types\/product"}],"wp:featuredmedia":[{"embeddable":true,"href":"https:\/\/mukkmukk.com\/en\/wp-json\/wp\/v2\/media\/2098"}],"wp:attachment":[{"href":"https:\/\/mukkmukk.com\/en\/wp-json\/wp\/v2\/media?parent=2592"}],"wp:term":[{"taxonomy":"product_brand","embeddable":true,"href":"https:\/\/mukkmukk.com\/en\/wp-json\/wp\/v2\/product_brand?post=2592"},{"taxonomy":"product_cat","embeddable":true,"href":"https:\/\/mukkmukk.com\/en\/wp-json\/wp\/v2\/product_cat?post=2592"},{"taxonomy":"product_tag","embeddable":true,"href":"https:\/\/mukkmukk.com\/en\/wp-json\/wp\/v2\/product_tag?post=2592"}],"curies":[{"name":"wp","href":"https:\/\/api.w.org\/{rel}","templated":true}]}}